{"id":15,"date":"2025-03-04T09:14:56","date_gmt":"2025-03-04T09:14:56","guid":{"rendered":"https:\/\/startersites.io\/blocksy\/investboost\/?page_id=15"},"modified":"2025-09-24T14:47:56","modified_gmt":"2025-09-24T11:47:56","slug":"contact","status":"publish","type":"page","link":"https:\/\/afyonipekinsaat.com.tr\/?page_id=15","title":{"rendered":"Contact"},"content":{"rendered":"\n<div class=\"wp-block-greenshift-blocks-container alignfull gspb_container gspb_container-gsbp-045dd0a\" id=\"gspb_container-id-gsbp-045dd0a\">\n<div class=\"wp-block-greenshift-blocks-row gspb_row gspb_row-id-gsbp-c15eed3 gspb_row--gutter-custom-0\" id=\"gspb_row-id-gsbp-c15eed3\"><div class=\"gspb_row__content\"> \n<div class=\"wp-block-greenshift-blocks-row-column gspb_row__col--6 gspb_row__col--md-12 gspb_col-id-gsbp-06c638d\" id=\"gspb_col-id-gsbp-06c638d\">\n<h2 id=\"gspb_heading-id-gsbp-02dc70b\" class=\"gspb_heading gspb_heading-id-gsbp-02dc70b \">FORMU DOLDUR HEMEN SANA ULA\u015eALIM !<\/h2>\n<\/div>\n\n\n\n<div class=\"wp-block-greenshift-blocks-row-column gspb_row__col--6 gspb_row__col--md-12 gspb_col-id-gsbp-54a72a9\" id=\"gspb_col-id-gsbp-54a72a9\"><div class='fluentform ff-inherit-theme-style fluentform_wrapper_1 ct-contact-form ff_guten_block ff_guten_block-1'><form data-form_id=\"1\" id=\"fluentform_1\" class=\"frm-fluent-form fluent_form_1 ff-el-form-top ff_form_instance_1_1 ff-form-loading ffs_inherit_theme\" data-form_instance=\"ff_form_instance_1_1\" method=\"POST\" ><fieldset  style=\"border: none!important;margin: 0!important;padding: 0!important;background-color: transparent!important;box-shadow: none!important;outline: none!important; min-inline-size: 100%;\">\n                    <legend class=\"ff_screen_reader_title\" style=\"display: block; margin: 0!important;padding: 0!important;height: 0!important;text-indent: -999999px;width: 0!important;overflow:hidden;\">Contact Form Demo<\/legend><input type='hidden' name='__fluent_form_embded_post_id' value='15' \/><input type=\"hidden\" id=\"_fluentform_1_fluentformnonce\" name=\"_fluentform_1_fluentformnonce\" value=\"0f7e26e509\" \/><input type=\"hidden\" name=\"_wp_http_referer\" value=\"\/index.php?rest_route=%2Fwp%2Fv2%2Fpages%2F15\" \/><div data-type=\"name-element\" data-name=\"names\" class=\" ff-field_container ff-name-field-wrapper\" ><div class='ff-t-container'><div class='ff-t-cell '><div class='ff-el-group  ff-el-form-hide_label'><div class=\"ff-el-input--label asterisk-right\"><label for='ff_1_names_first_name_' id='label_ff_1_names_first_name_' >AD SOYAD<\/label><\/div><div class='ff-el-input--content'><input type=\"text\" name=\"names[first_name]\" id=\"ff_1_names_first_name_\" class=\"ff-el-form-control\" placeholder=\"AD SOYAD\" aria-invalid=\"false\" aria-required=false><\/div><\/div><\/div><\/div><\/div><div class='ff-el-group ff-el-form-hide_label'><div class=\"ff-el-input--label ff-el-is-required asterisk-right\"><label for='ff_1_email' id='label_ff_1_email' aria-label=\"Email\">Email<\/label><\/div><div class='ff-el-input--content'><input type=\"email\" name=\"email\" id=\"ff_1_email\" class=\"ff-el-form-control\" placeholder=\"E MA\u0130L\" data-name=\"email\"  aria-invalid=\"false\" aria-required=true><\/div><\/div><div class='ff-el-group ff-el-form-hide_label'><div class=\"ff-el-input--label asterisk-right\"><label for='ff_1_subject' id='label_ff_1_subject' aria-label=\"KONU\">KONU<\/label><\/div><div class='ff-el-input--content'><input type=\"text\" name=\"subject\" class=\"ff-el-form-control\" placeholder=\"KONU\" data-name=\"subject\" id=\"ff_1_subject\"  aria-invalid=\"false\" aria-required=false><\/div><\/div><div class='ff-el-group ff-el-form-hide_label'><div class=\"ff-el-input--label ff-el-is-required asterisk-right\"><label for='ff_1_message' id='label_ff_1_message' aria-label=\"MESAJ\">MESAJ<\/label><\/div><div class='ff-el-input--content'><textarea aria-required=\"true\" aria-labelledby=\"label_ff_1_message\" name=\"message\" id=\"ff_1_message\" class=\"ff-el-form-control\" placeholder=\"MESAJ\" rows=\"4\" cols=\"2\" data-name=\"message\" ><\/textarea><\/div><\/div><div class='ff-el-group ff-text-left ff_submit_btn_wrapper'><button type=\"submit\" class=\"ff-btn ff-btn-submit ff-btn-md ff_btn_no_style\"  aria-label=\"G\u00d6NDER\">G\u00d6NDER<\/button><\/div><\/fieldset><\/form><div id='fluentform_1_errors' class='ff-errors-in-stack ff_form_instance_1_1 ff-form-loading_errors ff_form_instance_1_1_errors'><\/div><\/div>            <script type=\"text\/javascript\">\n                window.fluent_form_ff_form_instance_1_1 = {\"id\":\"1\",\"settings\":{\"layout\":{\"labelPlacement\":\"top\",\"helpMessagePlacement\":\"with_label\",\"errorMessagePlacement\":\"inline\",\"cssClassName\":\"\",\"asteriskPlacement\":\"asterisk-right\"},\"restrictions\":{\"denyEmptySubmission\":{\"enabled\":false}}},\"form_instance\":\"ff_form_instance_1_1\",\"form_id_selector\":\"fluentform_1\",\"rules\":{\"names[first_name]\":{\"required\":{\"value\":false,\"message\":\"This field is required\",\"global\":false,\"global_message\":\"This field is required\"}},\"names[middle_name]\":{\"required\":{\"value\":false,\"message\":\"This field is required\",\"global\":false,\"global_message\":\"This field is required\"}},\"names[last_name]\":{\"required\":{\"value\":false,\"message\":\"This field is required\",\"global\":false,\"global_message\":\"This field is required\"}},\"email\":{\"required\":{\"value\":true,\"message\":\"This field is required\",\"global\":false,\"global_message\":\"This field is required\"},\"email\":{\"value\":true,\"message\":\"This field must contain a valid email\",\"global\":false,\"global_message\":\"This field must contain a valid email\"}},\"subject\":{\"required\":{\"value\":false,\"message\":\"This field is required\",\"global\":false,\"global_message\":\"This field is required\"}},\"message\":{\"required\":{\"value\":true,\"message\":\"This field is required\",\"global\":false,\"global_message\":\"This field is required\"}}},\"debounce_time\":300};\n                            <\/script>\n            <\/div>\n <\/div><\/div>\n\n\n\n<div class=\"wp-block-greenshift-blocks-image gspb_image gspb_image-id-gsbp-0c2e4c7\" id=\"gspb_image-id-gsbp-0c2e4c7\"><img decoding=\"async\" src=\"https:\/\/afyonipekinsaat.com.tr\/wp-content\/uploads\/2025\/03\/decoration-1.svg\" data-src=\"\" alt=\"\" loading=\"lazy\" width=\"105\" height=\"220\"\/><\/div>\n\n\n\n<div class=\"wp-block-greenshift-blocks-image gspb_image gspb_image-id-gsbp-2aa6cc1\" id=\"gspb_image-id-gsbp-2aa6cc1\"><img decoding=\"async\" src=\"https:\/\/afyonipekinsaat.com.tr\/wp-content\/uploads\/2025\/03\/decoration-2.svg\" data-src=\"\" alt=\"\" loading=\"lazy\" width=\"105\" height=\"220\"\/><\/div>\n<\/div>\n\n\n\n<h2 id=\"gspb_heading-id-gsbp-2401950\" class=\"gspb_heading gspb_heading-id-gsbp-2401950 \">\u0130LET\u0130\u015e\u0130M<\/h2>\n\n\n\n<div class=\"wp-block-greenshift-blocks-row gspb_row gspb_row-id-gsbp-42e17dd gspb_row--gutter-custom-0\" id=\"gspb_row-id-gsbp-42e17dd\"><div class=\"gspb_row__content\"> \n<div class=\"wp-block-greenshift-blocks-row-column gspb_row__col--6 gspb_row__col--md-6 gspb_col-id-gsbp-eafea0e\" id=\"gspb_col-id-gsbp-eafea0e\">\n<h4 id=\"gspb_heading-id-gsbp-f6ba09e\" class=\"gspb_heading gspb_heading-id-gsbp-f6ba09e \">ADRES:<\/h4>\n\n\n\n<div id=\"gspb_text-id-gsbp-3d6cb17\" class=\"gspb_text gspb_text-id-gsbp-3d6cb17 \">Kar\u015f\u0131yaka Mah. 1618 Sok. No:2 Merkez \/ Afyonkarahisar<\/div>\n\n\n\n<h4 id=\"gspb_heading-id-gsbp-1e004a5\" class=\"gspb_heading gspb_heading-id-gsbp-1e004a5 \">TELEFON:<\/h4>\n\n\n\n<div id=\"gspb_text-id-gsbp-a6132a1\" class=\"gspb_text gspb_text-id-gsbp-a6132a1 \">0272 213 03 03<\/div>\n\n\n\n<h4 id=\"gspb_heading-id-gsbp-8c1888b\" class=\"gspb_heading gspb_heading-id-gsbp-8c1888b \">E MA\u0130L:<\/h4>\n\n\n\n<div id=\"gspb_text-id-gsbp-da87fd7\" class=\"gspb_text gspb_text-id-gsbp-da87fd7 \">info@afyonipekinsaat.com.tr<\/div>\n<\/div>\n\n\n\n<div class=\"wp-block-greenshift-blocks-row-column gspb_row__col--6 gspb_row__col--md-12 gspb_col-id-gsbp-b2ff44d\" id=\"gspb_col-id-gsbp-b2ff44d\"><div class=\"gspb_id-gsbp-7ca1ece wp-block-greenshift-blocks-map\"><div data-key=\"gspb_id_gsbp_7ca1ece\" class=\"gspb_map-wrapper gspb_osmap\" id=\"gspb_map-gsbp-7ca1ece\"><\/div><\/div><\/div>\n <\/div><\/div>\n","protected":false},"excerpt":{"rendered":"","protected":false},"author":1,"featured_media":0,"parent":0,"menu_order":0,"comment_status":"closed","ping_status":"closed","template":"","meta":{"_gspb_post_css":".gspb_container-id-gsbp-045dd0a{flex-direction:column;box-sizing:border-box}#gspb_container-id-gsbp-045dd0a.gspb_container>p:last-of-type{margin-bottom:0}#gspb_container-id-gsbp-045dd0a.gspb_container{position:relative;margin-bottom:48px;padding-top:250px;padding-bottom:120px;overflow:hidden}@media (max-width:991.98px){#gspb_container-id-gsbp-045dd0a.gspb_container{margin-bottom:80px;padding-top:200px;padding-bottom:80px}}@media (max-width:575.98px){#gspb_container-id-gsbp-045dd0a.gspb_container{margin-bottom:60px;padding-top:170px;padding-bottom:60px}}#gspb_container-id-gsbp-045dd0a.gspb_container{background-color:var(--wp--preset--color--palette-color-4, var(--theme-palette-color-4, #080C0E))}#gspb_row-id-gsbp-c15eed3{justify-content:space-between;margin-top:0;margin-bottom:0;display:flex;flex-wrap:wrap;align-content:center}#gspb_row-id-gsbp-c15eed3>.gspb_row__content{display:flex;justify-content:space-between;margin:0 auto;width:100%;flex-wrap:wrap}.gspb_row{position:relative}div[id^=gspb_col-id]{box-sizing:border-box;position:relative;padding:var(--gs-row-column-padding, 15px min(3vw, 20px))}@media (max-width:991.98px){#gspb_row-id-gsbp-c15eed3>.gspb_row__content{row-gap:80px}}@media (max-width:575.98px){#gspb_row-id-gsbp-c15eed3>.gspb_row__content{row-gap:60px}}#gspb_row-id-gsbp-c15eed3>.gspb_row__content{align-items:center}body.gspb-bodyfront #gspb_row-id-gsbp-c15eed3>.gspb_row__content{width:var(--theme-container-width, 1200px);max-width:var(--theme-normal-container-max-width, 1200px)}body.gspb-bodyfront #gspb_row-id-gsbp-c15eed3{z-index:1}#gspb_col-id-gsbp-06c638d.gspb_row__col--6{width:calc(50% - 50px)}@media (max-width:991.98px){#gspb_col-id-gsbp-06c638d.gspb_row__col--6{width:100%}}@media (max-width:767.98px){#gspb_col-id-gsbp-06c638d.gspb_row__col--6{width:calc(100% - 50px)}}@media (max-width:575.98px){#gspb_col-id-gsbp-06c638d.gspb_row__col--6{width:100%}}@media (min-width:992px){body.gspb-bodyfront #gspb_col-id-gsbp-06c638d.gspb_row__col--6{width:calc(55% - 0px - 50px)}}.gspb_row #gspb_col-id-gsbp-06c638d.gspb_row__col--6,.gspb_row #gspb_col-id-gsbp-54a72a9.gspb_row__col--6,.gspb_row #gspb_col-id-gsbp-b2ff44d.gspb_row__col--6,.gspb_row #gspb_col-id-gsbp-eafea0e.gspb_row__col--6{padding:0}#gspb_heading-id-gsbp-02dc70b{font-size:70px;line-height:1.2em}@media (max-width:991.98px){#gspb_heading-id-gsbp-02dc70b{font-size:50px}}@media (max-width:575.98px){#gspb_heading-id-gsbp-02dc70b{font-size:35px}}@media (max-width:991.98px){#gspb_heading-id-gsbp-02dc70b,#gspb_heading-id-gsbp-02dc70b .gsap-g-line{text-align:center!important}}#gspb_heading-id-gsbp-02dc70b{color:#fff;margin-top:0;margin-bottom:30px}#gspb_col-id-gsbp-54a72a9.gspb_row__col--6{width:calc(50% - 50px)}@media (max-width:991.98px){#gspb_col-id-gsbp-54a72a9.gspb_row__col--6{width:100%}}@media (max-width:767.98px){#gspb_col-id-gsbp-54a72a9.gspb_row__col--6{width:calc(100% - 50px)}}@media (max-width:575.98px){#gspb_col-id-gsbp-54a72a9.gspb_row__col--6{width:100%}}@media (min-width:992px){body.gspb-bodyfront #gspb_col-id-gsbp-54a72a9.gspb_row__col--6{width:calc(45% - 0px - 50px)}}#gspb_image-id-gsbp-0c2e4c7 img{vertical-align:top;display:inline-block;box-sizing:border-box;max-width:100%;width:auto}body.gspb-bodyfront #gspb_image-id-gsbp-0c2e4c7{position:absolute;top:50%;left:0}@media (max-width:991.98px){#gspb_image-id-gsbp-0c2e4c7 img{width:auto}}@media (max-width:767.98px){#gspb_image-id-gsbp-0c2e4c7 img{width:auto}}@media (max-width:575.98px){#gspb_image-id-gsbp-0c2e4c7 img{width:auto}}#gspb_image-id-gsbp-0c2e4c7,#gspb_image-id-gsbp-0c2e4c7 img{height:220px}@media (max-width:991.98px){#gspb_image-id-gsbp-0c2e4c7,#gspb_image-id-gsbp-0c2e4c7 img{height:180px}}@media (max-width:575.98px){#gspb_image-id-gsbp-0c2e4c7,#gspb_image-id-gsbp-0c2e4c7 img{height:150px}}#gspb_image-id-gsbp-2aa6cc1 img{vertical-align:top;display:inline-block;box-sizing:border-box;max-width:100%;width:auto}body.gspb-bodyfront #gspb_image-id-gsbp-2aa6cc1{position:absolute;top:20%;right:0}@media (max-width:991.98px){#gspb_image-id-gsbp-2aa6cc1 img{width:auto}}@media (max-width:767.98px){#gspb_image-id-gsbp-2aa6cc1 img{width:auto}}@media (max-width:575.98px){#gspb_image-id-gsbp-2aa6cc1 img{width:auto}}#gspb_image-id-gsbp-2aa6cc1,#gspb_image-id-gsbp-2aa6cc1 img{height:220px}@media (max-width:991.98px){#gspb_image-id-gsbp-2aa6cc1,#gspb_image-id-gsbp-2aa6cc1 img{height:180px}}@media (max-width:575.98px){#gspb_image-id-gsbp-2aa6cc1,#gspb_image-id-gsbp-2aa6cc1 img{height:150px}}#gspb_heading-id-gsbp-2401950{font-size:50px;line-height:1.3em}@media (max-width:991.98px){#gspb_heading-id-gsbp-2401950{font-size:35px}}@media (max-width:575.98px){#gspb_heading-id-gsbp-2401950{font-size:30px}}@media (max-width:991.98px){#gspb_heading-id-gsbp-2401950,#gspb_heading-id-gsbp-2401950 .gsap-g-line{text-align:center!important}}#gspb_heading-id-gsbp-2401950{margin-top:0;margin-bottom:30px}#gspb_row-id-gsbp-42e17dd{justify-content:space-between;margin-top:0;display:flex;flex-wrap:wrap;margin-bottom:120px}#gspb_row-id-gsbp-42e17dd>.gspb_row__content{display:flex;justify-content:space-between;margin:0 auto;width:100%;flex-wrap:wrap}@media (max-width:991.98px){#gspb_row-id-gsbp-42e17dd>.gspb_row__content{row-gap:60px}}body.gspb-bodyfront #gspb_row-id-gsbp-42e17dd>.gspb_row__content{width:var(--theme-container-width, 1200px);max-width:var(--theme-normal-container-max-width, 1200px)}@media (max-width:991.98px){#gspb_row-id-gsbp-42e17dd{margin-bottom:80px}}@media (max-width:575.98px){#gspb_row-id-gsbp-42e17dd{margin-bottom:60px}}#gspb_col-id-gsbp-eafea0e.gspb_row__col--6{width:calc(50% - 15px)}@media (max-width:991.98px){#gspb_col-id-gsbp-eafea0e.gspb_row__col--6{width:calc(50% - 15px)}}@media (max-width:767.98px){#gspb_col-id-gsbp-eafea0e.gspb_row__col--6{width:calc(50% - 15px)}}@media (max-width:575.98px){#gspb_col-id-gsbp-eafea0e.gspb_row__col--6{width:100%}}#gspb_heading-id-gsbp-f6ba09e{font-size:20px}@media (max-width:991.98px){#gspb_heading-id-gsbp-f6ba09e,#gspb_heading-id-gsbp-f6ba09e .gsap-g-line{text-align:center!important}}#gspb_heading-id-gsbp-f6ba09e{margin-top:0;margin-bottom:5px}@media (max-width:991.98px){.gspb_text-id-gsbp-3d6cb17,.gspb_text-id-gsbp-3d6cb17 .gsap-g-line{text-align:center!important}}.gspb_text-id-gsbp-3d6cb17{margin-bottom:35px!important}#gspb_heading-id-gsbp-1e004a5{font-size:20px}@media (max-width:991.98px){#gspb_heading-id-gsbp-1e004a5,#gspb_heading-id-gsbp-1e004a5 .gsap-g-line{text-align:center!important}}#gspb_heading-id-gsbp-1e004a5{margin-top:0;margin-bottom:5px}@media (max-width:991.98px){.gspb_text-id-gsbp-a6132a1,.gspb_text-id-gsbp-a6132a1 .gsap-g-line{text-align:center!important}}.gspb_text-id-gsbp-a6132a1{margin-bottom:35px!important}#gspb_heading-id-gsbp-8c1888b{font-size:20px}@media (max-width:991.98px){#gspb_heading-id-gsbp-8c1888b,#gspb_heading-id-gsbp-8c1888b .gsap-g-line{text-align:center!important}}#gspb_heading-id-gsbp-8c1888b{margin-top:0;margin-bottom:5px}@media (max-width:991.98px){.gspb_text-id-gsbp-da87fd7,.gspb_text-id-gsbp-da87fd7 .gsap-g-line{text-align:center!important}}.gspb_text-id-gsbp-da87fd7{margin-bottom:0!important}#gspb_col-id-gsbp-b2ff44d.gspb_row__col--6{width:calc(50% - 15px)}@media (max-width:991.98px){#gspb_col-id-gsbp-b2ff44d.gspb_row__col--6{width:100%}}@media (max-width:767.98px){#gspb_col-id-gsbp-b2ff44d.gspb_row__col--6{width:calc(100% - 15px)}}@media (max-width:575.98px){#gspb_col-id-gsbp-b2ff44d.gspb_row__col--6{width:100%}}.gspb_id-gsbp-7ca1ece{display:flex;margin-bottom:30px;overflow:hidden;border-top-left-radius:30px;border-top-right-radius:30px;border-bottom-right-radius:30px;border-bottom-left-radius:30px}.gspb_id-gsbp-7ca1ece .gspb_map-wrapper{width:100%;height:230px;isolation:isolate}@media (max-width:991.98px){.gspb_id-gsbp-7ca1ece .gspb_map-wrapper{height:350px}}","footnotes":""},"class_list":["post-15","page","type-page","status-publish","hentry"],"blocksy_meta":{"has_hero_section":"disabled","vertical_spacing_source":"custom","content_area_spacing":"none","styles_descriptor":{"styles":{"desktop":"","tablet":"","mobile":""},"google_fonts":[],"version":6}},"_links":{"self":[{"href":"https:\/\/afyonipekinsaat.com.tr\/index.php?rest_route=\/wp\/v2\/pages\/15","targetHints":{"allow":["GET"]}}],"collection":[{"href":"https:\/\/afyonipekinsaat.com.tr\/index.php?rest_route=\/wp\/v2\/pages"}],"about":[{"href":"https:\/\/afyonipekinsaat.com.tr\/index.php?rest_route=\/wp\/v2\/types\/page"}],"author":[{"embeddable":true,"href":"https:\/\/afyonipekinsaat.com.tr\/index.php?rest_route=\/wp\/v2\/users\/1"}],"replies":[{"embeddable":true,"href":"https:\/\/afyonipekinsaat.com.tr\/index.php?rest_route=%2Fwp%2Fv2%2Fcomments&post=15"}],"version-history":[{"count":3,"href":"https:\/\/afyonipekinsaat.com.tr\/index.php?rest_route=\/wp\/v2\/pages\/15\/revisions"}],"predecessor-version":[{"id":851,"href":"https:\/\/afyonipekinsaat.com.tr\/index.php?rest_route=\/wp\/v2\/pages\/15\/revisions\/851"}],"wp:attachment":[{"href":"https:\/\/afyonipekinsaat.com.tr\/index.php?rest_route=%2Fwp%2Fv2%2Fmedia&parent=15"}],"curies":[{"name":"wp","href":"https:\/\/api.w.org\/{rel}","templated":true}]}}